{"id":104,"date":"2018-07-31T08:45:49","date_gmt":"2018-07-31T08:45:49","guid":{"rendered":"http:\/\/localhost\/autoser\/?page_id=104"},"modified":"2020-02-12T13:08:45","modified_gmt":"2020-02-12T12:08:45","slug":"about-company","status":"publish","type":"page","link":"https:\/\/as-lukacic.com\/?page_id=104","title":{"rendered":"O tvrtci"},"content":{"rendered":"<div class=\"wpb-content-wrapper\"><p>[vc_row css=&#8221;.vc_custom_1533026886962{padding-top: 80px !important;padding-bottom: 70px !important;}&#8221;][vc_column]\n    <div class=\"wprt-headings style-1 clearfix text-center \">\n        <h2 class=\"heading \" >DOBRODO\u0160LI U AUTOSERVIS LUKA\u010cI\u0106<\/h2>\n                    <div class=\"sep clearfix\"><\/div>\n        \n            <\/div>\n        \n[vc_empty_space height=&#8221;45px&#8221;][\/vc_column][vc_column offset=&#8221;vc_col-md-6&#8243;]    \n    <div class=\"wprt-images-grid \" data-layout=\"slider\" data-column=\"1\" data-column2=\"1\" data-column3=\"1\" data-column4=\"1\" data-gaph=\"0\" data-gapv=\"0\">\n        <div id=\"images-wrap\" class=\"cbp\">\n                            <div class=\"cbp-item\">\n                    <div class=\"item-wrap\">\n                        <a class=\"zoom-popup\" href=\"https:\/\/as-lukacic.com\/wp-content\/uploads\/2018\/07\/gallery-5-565x365.jpg\"><i class=\"rt-icon-zoom-in-2\"><\/i><\/a>\n                        <img decoding=\"async\" src=\"https:\/\/as-lukacic.com\/wp-content\/uploads\/2018\/07\/gallery-5-565x365.jpg\" alt=\"\" \/>\n                    <\/div>\n                <\/div>\n                            <div class=\"cbp-item\">\n                    <div class=\"item-wrap\">\n                        <a class=\"zoom-popup\" href=\"https:\/\/as-lukacic.com\/wp-content\/uploads\/2018\/07\/gallery-4-565x365.jpg\"><i class=\"rt-icon-zoom-in-2\"><\/i><\/a>\n                        <img decoding=\"async\" src=\"https:\/\/as-lukacic.com\/wp-content\/uploads\/2018\/07\/gallery-4-565x365.jpg\" alt=\"\" \/>\n                    <\/div>\n                <\/div>\n                    <\/div>\n    <\/div>\n\n[vc_column_text]<\/p>\n<div class=\"wprt-spacer clearfix\" style=\"height: 0px;\" data-desktop=\"0\" data-mobi=\"35\" data-smobi=\"35\"><\/div>\n<p>[\/vc_column_text][\/vc_column][vc_column offset=&#8221;vc_col-md-6&#8243;]\n    <div class=\"wprt-accordions style-2 \">\n                <div class=\"accordion-item no-icon \">\n            <h3 class=\"accordion-heading\">\n                <span class=\"inner\">Preko 15 godina iskustva<\/span>\n            <\/h3>\n            <div class=\"accordion-content\">\n                <p>U poslu od 2004 godine kao mali obiteljski biznis.<\/p>\n<div class=\"wprt-list clearfix icon-left icon-top style-2\">\n<div class=\"inner\">\n<span class=\"icon-wrap\">\n<span class=\"icon\"><i class=\"fa fa-check-square-o text-accent-color\"><\/i><\/span>\n<span class=\"text font-size-15\">Popravljamo sve vrste i modele automobila<\/span>\n<\/span>\n<\/div>\n<\/div>\n\n<div class=\"wprt-list clearfix icon-left icon-top style-2\">\n<div class=\"inner\">\n<span class=\"icon-wrap\">\n<span class=\"icon\"><i class=\"fa fa-check-square-o text-accent-color\"><\/i><\/span>\n<span class=\"text font-size-15\"><\/span>\n<\/span>\n<\/div>\n<\/div>\n\n<div class=\"wprt-list clearfix icon-left icon-top style-2\">\n<div class=\"inner\">\n<span class=\"icon-wrap\">\n<span class=\"icon\"><i class=\"fa fa-check-square-o text-accent-color\"><\/i><\/span>\n<span class=\"text font-size-15\">Na svoj posao dajemo garanciju minimalno 12 mjeseci<\/span>\n<\/span>\n<\/div>\n<\/div>            <\/div>\n        <\/div>\n                <div class=\"accordion-item no-icon \">\n            <h3 class=\"accordion-heading\">\n                <span class=\"inner\">Popravci svih marki automobila<\/span>\n            <\/h3>\n            <div class=\"accordion-content\">\n                Nudimo odr\u017eavanje atomobila kao i sve vrste popravaka. Bitno nam je zadovoljstvo mu\u0161terija. Poku\u0161avamo ih tretirati kao \u0161to bi i mi htjeli biti tretirani u servisu, pru\u017eamo kvalitetan servis za najbolju mogu\u0107u cijenu .             <\/div>\n        <\/div>\n                <div class=\"accordion-item no-icon \">\n            <h3 class=\"accordion-heading\">\n                <span class=\"inner\">Monta\u017ea i balansiranje guma <\/span>\n            <\/h3>\n            <div class=\"accordion-content\">\n                U sklopu servisa za svoje mu\u0161terije nudimo zamjenu guma ljeto\/zima, balansiranje, zamjenu ventila            <\/div>\n        <\/div>\n            <\/div>\n        \n[\/vc_column][\/vc_row][vc_row css=&#8221;.vc_custom_1533026886962{padding-top: 80px !important;padding-bottom: 70px !important;}&#8221;][vc_column][vc_empty_space height=&#8221;45px&#8221;][\/vc_column][\/vc_row]<\/p>\n<\/div>","protected":false},"excerpt":{"rendered":"<p>[vc_row css=&#8221;.vc_custom_1533026886962{padding-top: 80px !important;padding-bottom: 70px !important;}&#8221;][vc_column][vc_empty_space height=&#8221;45px&#8221;][\/vc_column][vc_column offset=&#8221;vc_col-md-6&#8243;][vc_column_text] [\/vc_column_text][\/vc_column][vc_column offset=&#8221;vc_col-md-6&#8243;][\/vc_column][\/vc_row][vc_row css=&#8221;.vc_custom_1533026886962{padding-top: 80px !important;padding-bottom: 70px !important;}&#8221;][vc_column][vc_empty_space height=&#8221;45px&#8221;][\/vc_column][\/vc_row]<\/p>\n","protected":false},"author":1,"featured_media":0,"parent":0,"menu_order":0,"comment_status":"closed","ping_status":"closed","template":"page-templates\/template-fullwidth.php","meta":{"footnotes":""},"_links":{"self":[{"href":"https:\/\/as-lukacic.com\/index.php?rest_route=\/wp\/v2\/pages\/104"}],"collection":[{"href":"https:\/\/as-lukacic.com\/index.php?rest_route=\/wp\/v2\/pages"}],"about":[{"href":"https:\/\/as-lukacic.com\/index.php?rest_route=\/wp\/v2\/types\/page"}],"author":[{"embeddable":true,"href":"https:\/\/as-lukacic.com\/index.php?rest_route=\/wp\/v2\/users\/1"}],"replies":[{"embeddable":true,"href":"https:\/\/as-lukacic.com\/index.php?rest_route=%2Fwp%2Fv2%2Fcomments&post=104"}],"version-history":[{"count":11,"href":"https:\/\/as-lukacic.com\/index.php?rest_route=\/wp\/v2\/pages\/104\/revisions"}],"predecessor-version":[{"id":1055,"href":"https:\/\/as-lukacic.com\/index.php?rest_route=\/wp\/v2\/pages\/104\/revisions\/1055"}],"wp:attachment":[{"href":"https:\/\/as-lukacic.com\/index.php?rest_route=%2Fwp%2Fv2%2Fmedia&parent=104"}],"curies":[{"name":"wp","href":"https:\/\/api.w.org\/{rel}","templated":true}]}}