{"id":160,"date":"2018-08-01T09:20:05","date_gmt":"2018-08-01T09:20:05","guid":{"rendered":"http:\/\/localhost\/autoser\/?page_id=160"},"modified":"2019-10-30T13:58:40","modified_gmt":"2019-10-30T12:58:40","slug":"our-services","status":"publish","type":"page","link":"https:\/\/as-lukacic.com\/?page_id=160","title":{"rendered":"Our Services"},"content":{"rendered":"<div class=\"wpb-content-wrapper\"><p>[vc_row css=&#8221;.vc_custom_1533115453058{padding-top: 83px !important;padding-bottom: 90px !important;}&#8221;][vc_column]\n    <div class=\"wprt-headings style-1 clearfix text-center \">\n        <h2 class=\"heading \" >NUDIMO<\/h2>\n                    <div class=\"sep clearfix\"><\/div>\n        \n                    <div class=\"sub-heading clearfix\"><p>Na\u0161 profesionalni tim \u0107e obaviti dijagnosti\u010dke testove, kontrolu teku\u0107ina, zamjenu ulja i filtera, kompletni servis motora<\/p>\n<\/div>\n            <\/div>\n        \n[vc_empty_space height=&#8221;40px&#8221;][\/vc_column][vc_column offset=&#8221;vc_col-md-4&#8243;]\n    <div class=\"wprt-image-box style-1 text-center clearfix \">\n        <div class=\"item\">\n            <div class=\"inner\">\n                <div class=\"thumb\">\n                    <img decoding=\"async\" src=\"https:\/\/as-lukacic.com\/wp-content\/uploads\/2018\/08\/service-4-600-394.jpg\" alt=\"\" \/>\n                <\/div>\n\n                <div class=\"text-wrap\">\n                    <h3 class=\"title\">KONTROLA SVJETLA, ZAMJENA LAMPICA<\/h3>\n\n                    <div class=\"desc\"><\/div>\n\n                    <div class=\"elm-btn\">\n                        <a class=\"small wprt-button accent\" href=\"#\" target=\"_self\">READ MORE<\/a>                    <\/div>\n                <\/div>\n            <\/div>\n        <\/div>\n    <\/div>\n\n[vc_column_text]<\/p>\n<div class=\"wprt-spacer clearfix\" style=\"height: 0px;\" data-desktop=\"0\" data-mobi=\"35\" data-smobi=\"35\"><\/div>\n<p>[\/vc_column_text][\/vc_column][vc_column offset=&#8221;vc_col-md-4&#8243;]\n    <div class=\"wprt-image-box style-1 text-center clearfix \">\n        <div class=\"item\">\n            <div class=\"inner\">\n                <div class=\"thumb\">\n                    <img decoding=\"async\" src=\"https:\/\/as-lukacic.com\/wp-content\/uploads\/2018\/08\/service-5-600-394.jpg\" alt=\"\" \/>\n                <\/div>\n\n                <div class=\"text-wrap\">\n                    <h3 class=\"title\">KONTROLA I ISPITIVANJE AKUMULATORA<\/h3>\n\n                    <div class=\"desc\"><\/div>\n\n                    <div class=\"elm-btn\">\n                        <a class=\"small wprt-button accent\" href=\"#\" target=\"_self\">READ MORE<\/a>                    <\/div>\n                <\/div>\n            <\/div>\n        <\/div>\n    <\/div>\n\n[vc_column_text]<\/p>\n<div class=\"wprt-spacer clearfix\" style=\"height: 0px;\" data-desktop=\"0\" data-mobi=\"35\" data-smobi=\"35\"><\/div>\n<p>[\/vc_column_text][\/vc_column][vc_column offset=&#8221;vc_col-md-4&#8243;]\n    <div class=\"wprt-image-box style-1 text-center clearfix \">\n        <div class=\"item\">\n            <div class=\"inner\">\n                <div class=\"thumb\">\n                    <img decoding=\"async\" src=\"https:\/\/as-lukacic.com\/wp-content\/uploads\/2018\/08\/service-6-600-394.jpg\" alt=\"\" \/>\n                <\/div>\n\n                <div class=\"text-wrap\">\n                    <h3 class=\"title\">ZAMJENA ULJA I SVIH FILTERA (ULJA, ZRAKA, KABINE, GORIVA)<\/h3>\n\n                    <div class=\"desc\"><\/div>\n\n                    <div class=\"elm-btn\">\n                        <a class=\"small wprt-button accent\" href=\"#\" target=\"_self\">READ MORE<\/a>                    <\/div>\n                <\/div>\n            <\/div>\n        <\/div>\n    <\/div>\n\n[\/vc_column][\/vc_row][vc_row css=&#8221;.vc_custom_1533117221042{background-color: #f7f7f7 !important;}&#8221;][vc_column offset=&#8221;vc_col-lg-7&#8243;][vc_column_text]<\/p>\n<div class=\"wprt-spacer clearfix\" data-desktop=\"104\" data-mobi=\"60\" data-smobi=\"60\"><\/div>\n<p>[\/vc_column_text]\n    <div class=\"wprt-headings style-1 clearfix text-left \">\n        <h2 class=\"heading \" >DO\u0110ITE U NA\u0160 SERVIS<\/h2>\n                    <div class=\"sep clearfix\"><\/div>\n        \n            <\/div>\n        \n[vc_tta_tabs active_section=&#8221;1&#8243; css=&#8221;.vc_custom_1533119723666{margin-top: 40px !important;}&#8221;][vc_tta_section title=&#8221;TRANSPARENTNOST I POVJERENJE&#8221; tab_id=&#8221;1533118030126-cf7b98cd-6cc0&#8243;][vc_column_text]<\/p>\n<h5><\/h5>\n<p>U potpunosti cijenimo koliko je ljudima te\u0161ko prona\u0107i pouzdani auto-servis u kojima mogu servisirati i popravljati svoje automobile. Uvijek \u017eelimo dokazati kupcima da smo razli\u010diti!<\/p>\n<p>Radimo servise na svim markama\u00a0 automobila.<br \/>\nSvi na\u0161i mehani\u010dari i tehni\u010dari opremljeni su najnovijom prijenosnom tehnologijom.<br \/>\nZa sav na\u0161 rad postoji minimalno 12-mjese\u010dno jamstvo za sve usluge.[\/vc_column_text][\/vc_tta_section][\/vc_tta_tabs][vc_column_text]<\/p>\n<div class=\"wprt-spacer clearfix\" data-desktop=\"0\" data-mobi=\"35\" data-smobi=\"35\"><\/div>\n<p>[\/vc_column_text][\/vc_column][vc_column offset=&#8221;vc_col-lg-5&#8243;][vc_single_image image=&#8221;175&#8243; img_size=&#8221;full&#8221; css=&#8221;.vc_custom_1533183191354{padding-top: 30px !important;}&#8221;][\/vc_column][\/vc_row][vc_row css=&#8221;.vc_custom_1533115453058{padding-top: 83px !important;padding-bottom: 90px !important;}&#8221;][vc_column][vc_empty_space height=&#8221;50px&#8221;][\/vc_column][vc_column offset=&#8221;vc_col-md-4&#8243;]\n        <div class=\"wprt-icon-box clearfix has-width style-3 icon-left w70 align-left rounded-100 accent-bg \">\n        <div class=\"icon-wrap\">\n                        <i class=\"as-icon-air-filter2\"><\/i>\n                    <\/div>\n        <h3 class=\"heading\">IZMJENA FILTERA<\/h3>\n\n        <div class=\"desc\"><p>Obavljamo izmjenu filtera ulja, goriva. zraka\u00a0 te kabinskog prostora<\/p>\n<\/div>\n\n        <div class=\"elm-btn\">\n                    <\/div>\n    <\/div>\n    \n[vc_empty_space height=&#8221;60px&#8221;]\n        <div class=\"wprt-icon-box clearfix has-width style-3 icon-left w70 align-left rounded-100 accent-bg \">\n        <div class=\"icon-wrap\">\n                        <i class=\"as-icon-battery2\"><\/i>\n                    <\/div>\n        <h3 class=\"heading\">ISPITIVANJE AKUMULATORA<\/h3>\n\n        <div class=\"desc\"><p>Mjerimo snagu i kapacitet akumulatora,, te ugra\u0111ujemo novi po potrebi<\/p>\n<\/div>\n\n        <div class=\"elm-btn\">\n                    <\/div>\n    <\/div>\n    \n[vc_column_text]<\/p>\n<div class=\"wprt-spacer clearfix\" data-desktop=\"0\" data-mobi=\"40\" data-smobi=\"40\"><\/div>\n<p>[\/vc_column_text][\/vc_column][vc_column offset=&#8221;vc_col-md-4&#8243;]\n        <div class=\"wprt-icon-box clearfix has-width style-3 icon-left w70 align-left rounded-100 accent-bg \">\n        <div class=\"icon-wrap\">\n                        <i class=\"as-icon-disc-brake2\"><\/i>\n                    <\/div>\n        <h3 class=\"heading\">KO\u010cNICE<\/h3>\n\n        <div class=\"desc\"><p>Mjenjamo ko\u010dione diskove, obloge i crijeva.<\/p>\n<\/div>\n\n        <div class=\"elm-btn\">\n                    <\/div>\n    <\/div>\n    \n[vc_empty_space height=&#8221;60px&#8221;][\/vc_column][vc_column offset=&#8221;vc_col-md-4&#8243;]\n        <div class=\"wprt-icon-box clearfix has-width style-3 icon-left w70 align-left rounded-100 accent-bg \">\n        <div class=\"icon-wrap\">\n                        <i class=\"as-icon-car-lights\"><\/i>\n                    <\/div>\n        <h3 class=\"heading\">KONTROLA SVJETLA, ZAMJENA LAMPICA<\/h3>\n\n        <div class=\"desc\"><p>Zamjena \u017earuljica u glavnim svjetlima i pokaziva\u010dima smjera<\/p>\n<\/div>\n\n        <div class=\"elm-btn\">\n                    <\/div>\n    <\/div>\n    \n[vc_empty_space height=&#8221;60px&#8221;]\n        <div class=\"wprt-icon-box clearfix has-width style-3 icon-left w70 align-left rounded-100 accent-bg \">\n        <div class=\"icon-wrap\">\n                        <i class=\"as-icon-speedometer2\"><\/i>\n                    <\/div>\n        <h3 class=\"heading\">RESETIRANJE GRE\u0160AKA<\/h3>\n\n        <div class=\"desc\"><p>Poni\u0161tavanje servisnih intervala. Detekcija gre\u0161aka u radu motora<\/p>\n<\/div>\n\n        <div class=\"elm-btn\">\n                    <\/div>\n    <\/div>\n    \n[\/vc_column][\/vc_row][vc_row css=&#8221;.vc_custom_1533204692202{padding-top: 83px !important;padding-bottom: 90px !important;background-color: #f7f7f7 !important;}&#8221;][vc_column][vc_empty_space height=&#8221;40px&#8221;][\/vc_column][\/vc_row][vc_row css=&#8221;.vc_custom_1533205385081{background-color: #1c63b8 !important;}&#8221;][vc_column]\n    <div class=\"wprt-action-box style-1 has-icon \">\n        <div class=\"inner\">\n            <div class=\"heading-wrap\">\n                <div class=\"text-wrap\">\n                    <h3 class=\"heading\">Nudimo 12 mjese\u010dno jamstvo na ve\u0107inu popravaka<\/h3>\n                    <span class=\"icon\"><i class=\"as-icon-speedometer2\"><\/i><\/span> \n                <\/div>\n            <\/div>\n            <div class=\"button-wrap\">\n                <a class=\"wprt-button white rounded-3px\" href=\"#\" target=\"_self\">SEE BELOW FOR DETAIL<\/a>            <\/div>\n        <\/div>\n    <\/div>\n\n[\/vc_column][\/vc_row]<\/p>\n<\/div>","protected":false},"excerpt":{"rendered":"<p>[vc_row css=&#8221;.vc_custom_1533115453058{padding-top: 83px !important;padding-bottom: 90px !important;}&#8221;][vc_column][vc_empty_space height=&#8221;40px&#8221;][\/vc_column][vc_column offset=&#8221;vc_col-md-4&#8243;][vc_column_text] [\/vc_column_text][\/vc_column][vc_column offset=&#8221;vc_col-md-4&#8243;][vc_column_text] [\/vc_column_text][\/vc_column][vc_column offset=&#8221;vc_col-md-4&#8243;][\/vc_column][\/vc_row][vc_row css=&#8221;.vc_custom_1533117221042{background-color: #f7f7f7 !important;}&#8221;][vc_column offset=&#8221;vc_col-lg-7&#8243;][vc_column_text] [\/vc_column_text][vc_tta_tabs active_section=&#8221;1&#8243; css=&#8221;.vc_custom_1533119723666{margin-top: 40px !important;}&#8221;][vc_tta_section title=&#8221;TRANSPARENTNOST I POVJERENJE&#8221; tab_id=&#8221;1533118030126-cf7b98cd-6cc0&#8243;][vc_column_text] U potpunosti cijenimo koliko je ljudima te\u0161ko prona\u0107i pouzdani auto-servis u kojima mogu servisirati i popravljati svoje automobile. Uvijek \u017eelimo dokazati kupcima da smo razli\u010diti! Radimo servise na svim markama\u00a0 [&hellip;]<\/p>\n","protected":false},"author":1,"featured_media":0,"parent":0,"menu_order":0,"comment_status":"closed","ping_status":"closed","template":"page-templates\/template-fullwidth.php","meta":{"footnotes":""},"_links":{"self":[{"href":"https:\/\/as-lukacic.com\/index.php?rest_route=\/wp\/v2\/pages\/160"}],"collection":[{"href":"https:\/\/as-lukacic.com\/index.php?rest_route=\/wp\/v2\/pages"}],"about":[{"href":"https:\/\/as-lukacic.com\/index.php?rest_route=\/wp\/v2\/types\/page"}],"author":[{"embeddable":true,"href":"https:\/\/as-lukacic.com\/index.php?rest_route=\/wp\/v2\/users\/1"}],"replies":[{"embeddable":true,"href":"https:\/\/as-lukacic.com\/index.php?rest_route=%2Fwp%2Fv2%2Fcomments&post=160"}],"version-history":[{"count":7,"href":"https:\/\/as-lukacic.com\/index.php?rest_route=\/wp\/v2\/pages\/160\/revisions"}],"predecessor-version":[{"id":1019,"href":"https:\/\/as-lukacic.com\/index.php?rest_route=\/wp\/v2\/pages\/160\/revisions\/1019"}],"wp:attachment":[{"href":"https:\/\/as-lukacic.com\/index.php?rest_route=%2Fwp%2Fv2%2Fmedia&parent=160"}],"curies":[{"name":"wp","href":"https:\/\/api.w.org\/{rel}","templated":true}]}}