{"id":315,"date":"2018-08-07T09:06:36","date_gmt":"2018-08-07T09:06:36","guid":{"rendered":"http:\/\/localhost\/autoser\/?page_id=315"},"modified":"2023-12-14T14:20:47","modified_gmt":"2023-12-14T13:20:47","slug":"home-1","status":"publish","type":"page","link":"https:\/\/as-lukacic.com\/","title":{"rendered":"Home 1"},"content":{"rendered":"<div class=\"wpb-content-wrapper\"><p>[vc_row fullwidth=&#8221;yes&#8221;][vc_column][rev_slider_vc alias=&#8221;home-1&#8243;][\/vc_column][\/vc_row][vc_row css=&#8221;.vc_custom_1533636501715{padding-top: 83px !important;padding-bottom: 104px !important;background-color: #f7f7f7 !important;}&#8221;][vc_column]\n    <div class=\"wprt-headings style-1 clearfix text-center \">\n        <h2 class=\"heading \" >NA\u0160E USLUGE<\/h2>\n                    <div class=\"sep clearfix\"><\/div>\n        \n                    <div class=\"sub-heading clearfix\"><p>Na\u0161i \u0107e stru\u010dnjaci obaviti dijagnosti\u010dke testove, punjenje potrebnim teku\u0107inama, zamjenu motora, zamjenu ulja i ukupne remonte vozila.<\/p>\n<\/div>\n            <\/div>\n        \n[vc_empty_space height=&#8221;50px&#8221;][\/vc_column][vc_column width=&#8221;1\/2&#8243; offset=&#8221;vc_col-md-4&#8243;]\n        <div class=\"wprt-icon-box clearfix has-width style-1 icon-top outline-type align-center rounded-100 w100 grey-outline \">\n        <div class=\"icon-wrap\">\n                        <i class=\"as-icon-voltage\"><\/i>\n                    <\/div>\n        <h3 class=\"heading\">DIJAGNOSTIKA<\/h3>\n\n        <div class=\"desc\"><p>Dijagnostika kvara na vozilu, uklanjanje gre\u0161aka<\/p>\n<\/div>\n\n        <div class=\"elm-btn\">\n            <a class=\"simple-link font-heading\" href=\"#\" target=\"_self\">READ MORE<\/a>        <\/div>\n    <\/div>\n    \n[vc_column_text]<\/p>\n<div class=\"wprt-spacer clearfix\" data-desktop=\"0\" data-mobi=\"35\" data-smobi=\"35\"><\/div>\n<p>[\/vc_column_text][\/vc_column][vc_column width=&#8221;1\/2&#8243; offset=&#8221;vc_col-md-4&#8243;]\n        <div class=\"wprt-icon-box clearfix has-width style-1 icon-top outline-type align-center rounded-100 w100 grey-outline \">\n        <div class=\"icon-wrap\">\n                        <i class=\"as-icon-brake-1\"><\/i>\n                    <\/div>\n        <h3 class=\"heading\">POPRAVAK KO\u010cNICA<\/h3>\n\n        <div class=\"desc\"><p>Pru\u017eamo vrhunsku uslugu popravka automobila. Servisiranje ko\u010dnica, pode\u0161avanje, popravak motora<\/p>\n<\/div>\n\n        <div class=\"elm-btn\">\n            <a class=\"simple-link font-heading\" href=\"#\" target=\"_self\">READ MORE<\/a>        <\/div>\n    <\/div>\n    \n[vc_column_text]<\/p>\n<div class=\"wprt-spacer clearfix\" data-desktop=\"0\" data-mobi=\"35\" data-smobi=\"35\"><\/div>\n<p>[\/vc_column_text][\/vc_column][vc_column width=&#8221;1\/2&#8243; offset=&#8221;vc_col-md-4&#8243;]\n        <div class=\"wprt-icon-box clearfix has-width style-1 icon-top outline-type align-center rounded-100 w100 grey-outline \">\n        <div class=\"icon-wrap\">\n                        <i class=\"as-icon-air-filter2\"><\/i>\n                    <\/div>\n        <h3 class=\"heading\">FILTERI<\/h3>\n\n        <div class=\"desc\"><p>Mjenjamo filtere ulja, zraka, goriva te kabinskog prostora<\/p>\n<\/div>\n\n        <div class=\"elm-btn\">\n            <a class=\"simple-link font-heading\" href=\"#\" target=\"_self\">READ MORE<\/a>        <\/div>\n    <\/div>\n    \n[\/vc_column][\/vc_row][vc_row css=&#8221;.vc_custom_1533711481797{padding-top: 83px !important;padding-bottom: 70px !important;}&#8221;][vc_column][vc_empty_space height=&#8221;45px&#8221;][\/vc_column][\/vc_row][vc_row][vc_column][vc_column_text]<\/p>\n<div class=\"wprt-spacer clearfix\" data-desktop=\"100\" data-mobi=\"60\" data-smobi=\"60\"><\/div>\n<p>[\/vc_column_text][\/vc_column][vc_column offset=&#8221;vc_col-md-6&#8243;][vc_single_image image=&#8221;426&#8243; img_size=&#8221;full&#8221;][vc_column_text]<\/p>\n<div class=\"wprt-spacer clearfix\" data-desktop=\"0\" data-mobi=\"35\" data-smobi=\"35\"><\/div>\n<p>[\/vc_column_text][\/vc_column][vc_column offset=&#8221;vc_col-md-6&#8243;]\n    <div class=\"wprt-headings style-1 clearfix text-left \">\n        <h2 class=\"heading \" >DUGORO\u010cNA JAMSTVA I KONKURENTNE CIJENE<\/h2>\n                    <div class=\"sep clearfix\"><\/div>\n        \n                    <div class=\"sub-heading clearfix\"><p>Za\u0161to smatramo da smo kvalitetan servis za automobile? Jednostavno je, stvarno. Znamo da je iskrenost i transparentnost, zajedno s pouzdanom i prijateljskom uslugom za korisnike, ono \u0161to stvarno gradi povjerenje kupaca.<\/p>\n<\/div>\n            <\/div>\n        \n[vc_empty_space height=&#8221;20px&#8221;][\/vc_column][vc_column][vc_column_text]<\/p>\n<div class=\"wprt-spacer clearfix\" data-desktop=\"100\" data-mobi=\"60\" data-smobi=\"60\"><\/div>\n<p>[\/vc_column_text][\/vc_column][\/vc_row][vc_row][vc_column][vc_column_text]<\/p>\n<div class=\"wprt-spacer clearfix\" data-desktop=\"60\" data-mobi=\"30\" data-smobi=\"30\"><\/div>\n<p>[\/vc_column_text]\n        <div class=\"wprt-partner style-1 \" data-auto=\"true\" data-loop=\"true\" data-column=\"5\" data-column2=\"3\" data-column3=\"2\" data-gap=\"20\">\n        <div class=\"owl-carousel owl-theme\">\n                        <div class=\"partner-item text-center clearfix\">\n                <div class=\"inner\">\n                                            <div class=\"thumb\">\n                            <img decoding=\"async\" src=\"https:\/\/as-lukacic.com\/wp-content\/uploads\/2018\/09\/logo-1.png\" alt=\"\">\n                        <\/div>\n                                    <\/div>\n            <\/div>\n                        <div class=\"partner-item text-center clearfix\">\n                <div class=\"inner\">\n                                            <div class=\"thumb\">\n                            <img decoding=\"async\" src=\"https:\/\/as-lukacic.com\/wp-content\/uploads\/2018\/09\/logo-2.png\" alt=\"\">\n                        <\/div>\n                                    <\/div>\n            <\/div>\n                        <div class=\"partner-item text-center clearfix\">\n                <div class=\"inner\">\n                                            <div class=\"thumb\">\n                            <img decoding=\"async\" src=\"https:\/\/as-lukacic.com\/wp-content\/uploads\/2018\/09\/logo-3.png\" alt=\"\">\n                        <\/div>\n                                    <\/div>\n            <\/div>\n                        <div class=\"partner-item text-center clearfix\">\n                <div class=\"inner\">\n                                            <div class=\"thumb\">\n                            <img decoding=\"async\" src=\"https:\/\/as-lukacic.com\/wp-content\/uploads\/2018\/09\/logo-4.png\" alt=\"\">\n                        <\/div>\n                                    <\/div>\n            <\/div>\n                        <div class=\"partner-item text-center clearfix\">\n                <div class=\"inner\">\n                                            <div class=\"thumb\">\n                            <img decoding=\"async\" src=\"https:\/\/as-lukacic.com\/wp-content\/uploads\/2018\/09\/logo-5.png\" alt=\"\">\n                        <\/div>\n                                    <\/div>\n            <\/div>\n                        <div class=\"partner-item text-center clearfix\">\n                <div class=\"inner\">\n                                            <div class=\"thumb\">\n                            <img decoding=\"async\" src=\"https:\/\/as-lukacic.com\/wp-content\/uploads\/2018\/09\/logo-6.png\" alt=\"\">\n                        <\/div>\n                                    <\/div>\n            <\/div>\n                        <div class=\"partner-item text-center clearfix\">\n                <div class=\"inner\">\n                                            <div class=\"thumb\">\n                            <img decoding=\"async\" src=\"\" alt=\"\">\n                        <\/div>\n                                    <\/div>\n            <\/div>\n                        <div class=\"partner-item text-center clearfix\">\n                <div class=\"inner\">\n                                            <div class=\"thumb\">\n                            <img decoding=\"async\" src=\"\" alt=\"\">\n                        <\/div>\n                                    <\/div>\n            <\/div>\n                    <\/div>\n    <\/div>\n    \n[vc_column_text]<\/p>\n<div class=\"wprt-spacer clearfix\" data-desktop=\"60\" data-mobi=\"30\" data-smobi=\"30\"><\/div>\n<p>[\/vc_column_text][\/vc_column][\/vc_row]<\/p>\n<\/div>","protected":false},"excerpt":{"rendered":"<p>[vc_row fullwidth=&#8221;yes&#8221;][vc_column][rev_slider_vc alias=&#8221;home-1&#8243;][\/vc_column][\/vc_row][vc_row css=&#8221;.vc_custom_1533636501715{padding-top: 83px !important;padding-bottom: 104px !important;background-color: #f7f7f7 !important;}&#8221;][vc_column][vc_empty_space height=&#8221;50px&#8221;][\/vc_column][vc_column width=&#8221;1\/2&#8243; offset=&#8221;vc_col-md-4&#8243;][vc_column_text] [\/vc_column_text][\/vc_column][vc_column width=&#8221;1\/2&#8243; offset=&#8221;vc_col-md-4&#8243;][vc_column_text] [\/vc_column_text][\/vc_column][vc_column width=&#8221;1\/2&#8243; offset=&#8221;vc_col-md-4&#8243;][\/vc_column][\/vc_row][vc_row css=&#8221;.vc_custom_1533711481797{padding-top: 83px !important;padding-bottom: 70px !important;}&#8221;][vc_column][vc_empty_space height=&#8221;45px&#8221;][\/vc_column][\/vc_row][vc_row][vc_column][vc_column_text] [\/vc_column_text][\/vc_column][vc_column offset=&#8221;vc_col-md-6&#8243;][vc_single_image image=&#8221;426&#8243; img_size=&#8221;full&#8221;][vc_column_text] [\/vc_column_text][\/vc_column][vc_column offset=&#8221;vc_col-md-6&#8243;][vc_empty_space height=&#8221;20px&#8221;][\/vc_column][vc_column][vc_column_text] [\/vc_column_text][\/vc_column][\/vc_row][vc_row][vc_column][vc_column_text] [\/vc_column_text][vc_column_text] [\/vc_column_text][\/vc_column][\/vc_row]<\/p>\n","protected":false},"author":1,"featured_media":0,"parent":0,"menu_order":0,"comment_status":"closed","ping_status":"closed","template":"page-templates\/template-canvas.php","meta":{"footnotes":""},"_links":{"self":[{"href":"https:\/\/as-lukacic.com\/index.php?rest_route=\/wp\/v2\/pages\/315"}],"collection":[{"href":"https:\/\/as-lukacic.com\/index.php?rest_route=\/wp\/v2\/pages"}],"about":[{"href":"https:\/\/as-lukacic.com\/index.php?rest_route=\/wp\/v2\/types\/page"}],"author":[{"embeddable":true,"href":"https:\/\/as-lukacic.com\/index.php?rest_route=\/wp\/v2\/users\/1"}],"replies":[{"embeddable":true,"href":"https:\/\/as-lukacic.com\/index.php?rest_route=%2Fwp%2Fv2%2Fcomments&post=315"}],"version-history":[{"count":16,"href":"https:\/\/as-lukacic.com\/index.php?rest_route=\/wp\/v2\/pages\/315\/revisions"}],"predecessor-version":[{"id":1192,"href":"https:\/\/as-lukacic.com\/index.php?rest_route=\/wp\/v2\/pages\/315\/revisions\/1192"}],"wp:attachment":[{"href":"https:\/\/as-lukacic.com\/index.php?rest_route=%2Fwp%2Fv2%2Fmedia&parent=315"}],"curies":[{"name":"wp","href":"https:\/\/api.w.org\/{rel}","templated":true}]}}